{"id":51,"date":"2020-06-06T15:43:59","date_gmt":"2020-06-06T13:43:59","guid":{"rendered":"https:\/\/hasler-it.swiss\/?page_id=51"},"modified":"2024-02-05T09:11:50","modified_gmt":"2024-02-05T07:11:50","slug":"support","status":"publish","type":"page","link":"https:\/\/hasler-it.swiss\/?page_id=51","title":{"rendered":"Support"},"content":{"rendered":"\n<p class=\"has-text-align-left\"><strong>Gerne stehen wir Ihnen, wenn Sie Unterst\u00fctzung ben\u00f6tigen, wie folgt zur Verf\u00fcgung:<\/strong><\/p>\n\n\n\n<div class=\"wp-block-columns is-layout-flex wp-container-core-columns-is-layout-9d6595d7 wp-block-columns-is-layout-flex\">\n<div class=\"wp-block-column is-layout-flow wp-block-column-is-layout-flow\">\n<h4 class=\"wp-block-heading\">Telefon<\/h4>\n\n\n\n<p>+41 62 531 08 14<\/p>\n<\/div>\n\n\n\n<div class=\"wp-block-column is-layout-flow wp-block-column-is-layout-flow\">\n<h4 class=\"wp-block-heading\">E-Mail<\/h4>\n\n\n\n<p>admin.support(at)hasler-it.swiss<\/p>\n\n\n\n<p><\/p>\n<\/div>\n\n\n\n<div class=\"wp-block-column is-layout-flow wp-block-column-is-layout-flow\">\n<h4 class=\"wp-block-heading\">Remote Support<\/h4>\n\n\n\n<div class=\"wp-block-columns is-layout-flex wp-container-core-columns-is-layout-9d6595d7 wp-block-columns-is-layout-flex\">\n<div class=\"wp-block-column is-layout-flow wp-block-column-is-layout-flow\">\n<p>Any Desk Mac <\/p>\n\n\n\n<div><a href=\"https:\/\/my.anydesk.com\/v2\/api\/v2\/custom-clients\/downloads\/public\/75R8BATLXQJW\/AnyDeskClient.dmg\"><img decoding=\"async\" src=\"https:\/\/get.anydesk.com\/_static\/dl-btn-rw-medium.png\" alt=\"Download AnyDesk\"><\/a><\/div>\n<\/div>\n\n\n\n<div class=\"wp-block-column is-layout-flow wp-block-column-is-layout-flow\">\n<p><\/p>\n<\/div>\n<\/div>\n\n\n\n<p>Any Desk Windows<\/p>\n\n\n\n<div><a href=\"https:\/\/my.anydesk.com\/v2\/api\/v2\/custom-clients\/downloads\/public\/IEKRN1GBEXZJ\/AnyDeskClient%20HITS.exe\"><img decoding=\"async\" src=\"https:\/\/get.anydesk.com\/_static\/dl-btn-rw-medium.png\" alt=\"Download AnyDesk\"><\/a><\/div>\n<\/div>\n<\/div>\n\n\n\n<p><\/p>\n","protected":false},"excerpt":{"rendered":"<p>Gerne stehen wir Ihnen, wenn Sie Unterst\u00fctzung ben\u00f6tigen, wie folgt zur Verf\u00fcgung: Telefon +41 62 531 08 14 E-Mail admin.support(at)hasler-it.swiss Remote Support Any Desk Mac Any Desk Windows<\/p>\n","protected":false},"author":1,"featured_media":0,"parent":0,"menu_order":0,"comment_status":"closed","ping_status":"closed","template":"","meta":{"footnotes":""},"class_list":["post-51","page","type-page","status-publish","hentry"],"_links":{"self":[{"href":"https:\/\/hasler-it.swiss\/index.php?rest_route=\/wp\/v2\/pages\/51","targetHints":{"allow":["GET"]}}],"collection":[{"href":"https:\/\/hasler-it.swiss\/index.php?rest_route=\/wp\/v2\/pages"}],"about":[{"href":"https:\/\/hasler-it.swiss\/index.php?rest_route=\/wp\/v2\/types\/page"}],"author":[{"embeddable":true,"href":"https:\/\/hasler-it.swiss\/index.php?rest_route=\/wp\/v2\/users\/1"}],"replies":[{"embeddable":true,"href":"https:\/\/hasler-it.swiss\/index.php?rest_route=%2Fwp%2Fv2%2Fcomments&post=51"}],"version-history":[{"count":8,"href":"https:\/\/hasler-it.swiss\/index.php?rest_route=\/wp\/v2\/pages\/51\/revisions"}],"predecessor-version":[{"id":299,"href":"https:\/\/hasler-it.swiss\/index.php?rest_route=\/wp\/v2\/pages\/51\/revisions\/299"}],"wp:attachment":[{"href":"https:\/\/hasler-it.swiss\/index.php?rest_route=%2Fwp%2Fv2%2Fmedia&parent=51"}],"curies":[{"name":"wp","href":"https:\/\/api.w.org\/{rel}","templated":true}]}}