{"id":132,"date":"2020-10-20T16:24:03","date_gmt":"2020-10-20T14:24:03","guid":{"rendered":"https:\/\/hasler-it.swiss\/?page_id=132"},"modified":"2026-01-06T11:58:45","modified_gmt":"2026-01-06T09:58:45","slug":"datenschutzerklaerung","status":"publish","type":"page","link":"https:\/\/hasler-it.swiss\/?page_id=132","title":{"rendered":"Datenschutzerkl\u00e4rung Hasler IT Solutions GmbH"},"content":{"rendered":"\n<p><strong><strong>Verantwortlich f\u00fcr die Datenverarbeitun<\/strong>g<\/strong><\/p>\n\n\n\n<p>Verantwortlich f\u00fcr die Verarbeitung personenbezogener Daten \u00fcber diese Website ist (nachfolgend &#8222;Unternehmer&#8220;):&nbsp;<\/p>\n\n\n\n<p>Hasler IT Solutions GmbH&nbsp;<\/p>\n\n\n\n<p>Quellenweg 15<\/p>\n\n\n\n<p>4914 Roggwil BE<\/p>\n\n\n\n<p>Tel.: 062 531 08 14<\/p>\n\n\n\n<p>Mail:&nbsp;<a href=\"mailto:mirjam.hasler@hasler-it.swiss\">admin.info@hasler-it.swiss<\/a><\/p>\n\n\n\n<p>Diese Website unterliegt dem schweizerischen Datenschutzrecht. Ob und inwieweit allenfalls ausl\u00e4ndisches Datenschutzrecht anwendbar ist, h\u00e4ngt vom Einzelfall ab.<\/p>\n\n\n\n<p><strong><strong>Datenerhebung<\/strong><\/strong><\/p>\n\n\n\n<p>Beim Besuch der Website:<\/p>\n\n\n\n<p>Bei jedem Aufruf der Website des Unternehmers, erhebt und speichert der Provider automatisch allgemeine Daten und Informationen in sogenannten Server-Log Files, die der vom Websitebesucher verwendete Browser automatisch \u00fcbermittelt. Folgende Daten werden dabei erhoben bzw. erfasst:<\/p>\n\n\n\n<ul class=\"wp-block-list\">\n<li>Verwendeter Browsertyp und Versionen<\/li>\n\n\n\n<li>Das vom zugreifenden System verwendete Betriebssystem<\/li>\n\n\n\n<li>Die Internetseite sowie Unterwebseite, von welchem das zugreifende System auf unsere Webseite gelangt (Referrer URL)<\/li>\n\n\n\n<li>Hostname des zugreifenden Computers<\/li>\n\n\n\n<li>Datum und Uhrzeit des Zugriffs<\/li>\n\n\n\n<li>Die IP-Adresse<\/li>\n\n\n\n<li>Name der abgerufenen Seite\/Datei<\/li>\n\n\n\n<li>Die \u00fcbertragene Datenmenge<\/li>\n<\/ul>\n\n\n\n<p>Die anonym erhobenen Daten und Informationen k\u00f6nnen mit dem Ziel, den Datenschutz und die Datensicherheit zu erh\u00f6hen, ausgewertet werden. Die anonymen Daten des Server-Logs werden getrennt von anderen durch eine betroffene Person angegebenen personenbezogenen Daten gespeichert.&nbsp;<\/p>\n\n\n\n<p>Der Unternehmer zieht aufgrund dieser allgemeinen Daten und Informationen keine R\u00fcckschl\u00fcsse auf den Websitebesucher. Die Verwendung der gesammelten Daten und Informationen des Server-Logs dienen ausschliesslich zur Analyse der Funktionsf\u00e4higkeit der Webseite sowie um Strafverfolgungs\u00adbeh\u00f6rden im Falle eines Cyberangriffes auf Verlangen die notwendigen Informationen bereitstellen zu k\u00f6nnen.<\/p>\n\n\n\n<p><strong><strong>Kontaktaufnahme<\/strong><\/strong><\/p>\n\n\n\n<p>Bei jeder Kontaktaufnahme werden die vom Websitebesucher freiwillig \u00fcbermittelten Daten (Name, Kontaktdaten etc.) ausschliesslich zum Zwecke der Bearbeitung und Abwicklung des Auftrags verarbeitet. Die \u00fcbermittelten Daten verbleiben beim Unternehmer, bis wir vom betoffenen Websitebesucher zur L\u00f6schung aufgefordert werden, die Einwilligung zur Speicherung widerrufen wird oder der Zweck f\u00fcr die Datenspeicherung entf\u00e4llt (z.B. nach abgeschlossener Bearbeitung der Kundenanfrage). Zwingende gesetzliche Bestimmungen \u2013 insbesondere Aufbewahrungsfristen \u2013 bleiben unber\u00fchrt.<\/p>\n\n\n\n<p><strong><strong>Weitergabe von Personendaten<\/strong><\/strong><\/p>\n\n\n\n<p>Personenbezogene Daten werden nur an Dritte \u00fcbermittelt, wenn dies im Rahmen einer Vertragsabwicklung notwendig ist. Eine weitergehende \u00dcbermittlung der Daten erfolgt nur, wenn der betroffene Kunde der \u00dcbermittlung ausdr\u00fccklich zugestimmt haben und sich der Dritte vertraglich zu einem sorgf\u00e4ltigen Umgang mit den Daten verpflichtet hat.&nbsp;<\/p>\n\n\n\n<p>Die personenbezogenen Daten werden grunds\u00e4tzlich nur in der Schweiz und im Europ\u00e4ischen Wirtschafts\u00adraum&nbsp;(EWR) bearbeitet. Die Personendaten k\u00f6nnen aber auch in andere Staaten exportiert bzw. \u00fcbermittelt werden, insbesondere um sie dort zu bearbeiten oder bearbeiten zu lassen. Ist das ein Land ohne gen\u00fcgenden Datenschutz, werden insbesondere die EU-Standardvertragsklauseln abgeschlossen, oder es liegt eine Einwilligung des betroffenen Websitebesuchers vor oder die Daten werden ins Ausland gegeben, weil es f\u00fcr die Abwicklung eines Vertrags n\u00f6tig ist oder es f\u00fcr Rechtsverfahren im Ausland n\u00f6tig ist.<\/p>\n\n\n\n<p><strong><strong>Datensicherung<\/strong><\/strong><\/p>\n\n\n\n<p>Es werden alle zumutbaren und aus technisch-organisatorischer Sicht sinnvollen Schritte unternommen, um die Sicherheit der pers\u00f6nlichen Daten der Websitebesucher zu gew\u00e4hrleisten. Die Sicherheitsmassnahmen werden laufend verbessert und dem aktuellen Stand der Technik angepasst.<\/p>\n\n\n\n<p><strong><strong>Dauer der Datenspeicherung<\/strong><\/strong><\/p>\n\n\n\n<p>Personenbezogene Daten werden nur so lange gespeichert, wie es f\u00fcr die Zwecke, f\u00fcr die sie verarbeitet werden, erforderlich ist oder bis eine vom Websitebesucher erteilte Einwilligung widerrufen wurde. Soweit gesetzliche Aufbewahrungspflichten zu beachten sind, kann die Speicherdauer zu bestimmten Daten ungeachtet der Verarbeitungszwecke bis zu 10 Jahre betragen.&nbsp;Personendaten, deren Bearbeitung nicht mehr erforderlich ist, werden anonymisiert oder gel\u00f6scht.<\/p>\n\n\n\n<p><strong><strong>Betroffenenrechte<\/strong><\/strong><\/p>\n\n\n\n<p>Auskunft:<\/p>\n\n\n\n<p>Auf Wunsch erh\u00e4lt der Websitebesucher jederzeit unentgeltlich Auskunft \u00fcber seine gespeicherten personenbezogenen Daten.<\/p>\n\n\n\n<p><strong>Berichtigung, L\u00f6schung, Einschr\u00e4nkung der Verarbeitung (Sperrung), Widerspruch<\/strong><\/p>\n\n\n\n<p>Sollte der Websitebesucher mit der Speicherung personenbezogener Daten nicht mehr einverstanden sein oder sollten diese unrichtig geworden sein, wird der Unternehmer auf eine entsprechende Weisung hin die L\u00f6schung oder Sperrung der Daten veranlassen oder die notwendigen Korrekturen vornehmen (soweit dies nach dem geltenden Recht m\u00f6glich ist). Gleiches gilt, wenn Daten nur noch einschr\u00e4nkend verarbeitet werden sollen.<\/p>\n\n\n\n<p><strong>Daten\u00fcbertragbarkeit<\/strong><\/p>\n\n\n\n<p>Auf Antrag stellt der Unternehmer dem Websitebesucher dessen Daten in einem g\u00e4ngigen, strukturierten und maschinenlesbaren Format bereit.<\/p>\n\n\n\n<p><strong>Widerrufsrecht bei Einwilligungen mit Wirkung f\u00fcr die Zukunft<\/strong><\/p>\n\n\n\n<p>Erteilte Einwilligungen k\u00f6nnen vom Websitebesucher mit Wirkung f\u00fcr die Zukunft jederzeit widerrufen. Dadurch wird die Rechtm\u00e4ssigkeit der Verarbeitung bis zum Zeitpunkt des Widerrufs nicht ber\u00fchrt.<\/p>\n\n\n\n<p><strong>Aus\u00fcbung Ihrer Betroffenenrechte<\/strong><\/p>\n\n\n\n<p>Bei Fragen zur Verarbeitung von personenbezogenen Daten, bei Ausk\u00fcnften, Berichtigung, Sperrung, Widerspruch oder L\u00f6schung von Daten oder dem Wunsch der \u00dcbertragung der Daten an ein anderes Unternehmen, wenden Sie sich bitte an den Datenschutzverantwortlichen.<\/p>\n\n\n\n<p><strong>Beschwerderecht<\/strong><\/p>\n\n\n\n<p>Gegen die Bearbeitung von Personendaten besteht ein Beschwerderecht bei der zust\u00e4ndigen Aufsichtsbeh\u00f6rde:&nbsp;<a href=\"https:\/\/www.edoeb.admin.ch\/edoeb\/de\/home.html\">https:\/\/www.edoeb.admin.ch\/edoeb\/de\/home.html<\/a>.<\/p>\n\n\n\n<p><em>Der Unternehmer beh\u00e4lt sich das Recht vor, diese Datenschutzerkl\u00e4rung anzupassen, insbesondere, wenn die Datenbearbeitung ge\u00e4ndert wird oder wenn neue Gesetzesbestimmungen in Kraft treten. \u00dcber alle \u00c4nderungen wird informiert, indem der Unternehmer immer die aktualisierte Datenschutzerkl\u00e4rung auf der Website ver\u00f6ffentlich<\/em>t.<\/p>\n\n\n\n<p>Januar 2026<\/p>\n","protected":false},"excerpt":{"rendered":"<p>Verantwortlich f\u00fcr die Datenverarbeitung Verantwortlich f\u00fcr die Verarbeitung personenbezogener Daten \u00fcber diese Website ist (nachfolgend &#8222;Unternehmer&#8220;):&nbsp; Hasler IT Solutions GmbH&nbsp; Quellenweg 15 4914 Roggwil BE Tel.: 062 531 08 14 Mail:&nbsp;admin.info@hasler-it.swiss Diese Website unterliegt dem schweizerischen Datenschutzrecht. Ob und inwieweit<a class=\"read-more\" href=\"https:\/\/hasler-it.swiss\/?page_id=132\">Read More<\/a><\/p>\n","protected":false},"author":1,"featured_media":0,"parent":0,"menu_order":0,"comment_status":"closed","ping_status":"closed","template":"","meta":{"footnotes":""},"class_list":["post-132","page","type-page","status-publish","hentry"],"_links":{"self":[{"href":"https:\/\/hasler-it.swiss\/index.php?rest_route=\/wp\/v2\/pages\/132","targetHints":{"allow":["GET"]}}],"collection":[{"href":"https:\/\/hasler-it.swiss\/index.php?rest_route=\/wp\/v2\/pages"}],"about":[{"href":"https:\/\/hasler-it.swiss\/index.php?rest_route=\/wp\/v2\/types\/page"}],"author":[{"embeddable":true,"href":"https:\/\/hasler-it.swiss\/index.php?rest_route=\/wp\/v2\/users\/1"}],"replies":[{"embeddable":true,"href":"https:\/\/hasler-it.swiss\/index.php?rest_route=%2Fwp%2Fv2%2Fcomments&post=132"}],"version-history":[{"count":24,"href":"https:\/\/hasler-it.swiss\/index.php?rest_route=\/wp\/v2\/pages\/132\/revisions"}],"predecessor-version":[{"id":369,"href":"https:\/\/hasler-it.swiss\/index.php?rest_route=\/wp\/v2\/pages\/132\/revisions\/369"}],"wp:attachment":[{"href":"https:\/\/hasler-it.swiss\/index.php?rest_route=%2Fwp%2Fv2%2Fmedia&parent=132"}],"curies":[{"name":"wp","href":"https:\/\/api.w.org\/{rel}","templated":true}]}}