{"id":131,"date":"2020-10-20T16:24:03","date_gmt":"2020-10-20T14:24:03","guid":{"rendered":"https:\/\/hasler-it.swiss\/?page_id=131"},"modified":"2020-10-20T17:17:33","modified_gmt":"2020-10-20T15:17:33","slug":"impressum","status":"publish","type":"page","link":"https:\/\/hasler-it.swiss\/?page_id=131","title":{"rendered":"Impressum"},"content":{"rendered":"\n<p><strong>Inhaltliche Verantwortung<\/strong><\/p>\n\n\n\n<p>Hasler IT Solutions GmbH wird vertreten durch (nachfolgend &#8222;Vertreter&#8220; genannt):<br>Christoph &amp; Mirjam Hasler<br>Quellenweg 15<br>CH-4914 Roggwil<br>admin.info@hasler-it.swiss<\/p>\n\n\n\n<p><strong>Verantwortung Anwendungsbereich<\/strong><\/p>\n\n\n\n<p>Dies ist die offizielle Website der Hasler IT Solutions GmbH (HITS). Die Website dient prim\u00e4r zur Information \u00fcber die Hasler IT Solutions GmbH. Hasler IT Solutions GmbH kann f\u00fcr den Betrieb der Site Dritte beiziehen. Das nachfolgend Genannte gilt sinngem\u00e4ss auch f\u00fcr Informationen, die Kunden z.B. in Form von abonnierten Newslettern erhalten.<\/p>\n\n\n\n<p>Diese Informationen und Regeln \u00fcber die Nutzung beziehen sich ausschliesslich auf die Website von Hasler IT Solutions GmbH, welche \u00fcber die Namen www.hasler-it.swiss und&nbsp;hasler-it.swiss&nbsp;zug\u00e4nglich ist. Folgend genannte Regeln und Informationen \u00fcber die Nutzung k\u00f6nnen jederzeit \u00e4ndern. Die \u00c4nderungen sind bindend.<\/p>\n\n\n\n<p><strong>Haftungsausschluss<\/strong><\/p>\n\n\n\n<p>Die oben genannten Betreiber der Website schliessen jegliche Haftung (inklusive Fahrl\u00e4ssigkeit) aus, die sich aus dem Zugriff bzw. den verunm\u00f6glichten Zugriff auf die Website oder einzelner Ihrer Elemente und aus der Benutzung ergeben k\u00f6nnten. Der Zugriff auf die Website wird nicht garantiert.<\/p>\n\n\n\n<p>Diese Website enth\u00e4lt Links zu Websites Dritter. Diese Websites werden nicht durch die Vertreter betrieben oder \u00fcberwacht. Die Vertreter von Hasler IT Solutions GmbH lehnen jegliche Verantwortung f\u00fcr den Inhalt und die Einhaltung der gesetzlichen Datenschutzbestimmungen durch die Betreiber von verlinkten Seiten ab.<\/p>\n\n\n\n<p><strong>Immaterialg\u00fcter- und andere Rechte<\/strong><\/p>\n\n\n\n<p>Die Vertreter von Hasler IT Solutions GmbH sind Eigent\u00fcmer und Betreiber dieser Website. S\u00e4mtliche darauf verwendete Marken, Namen, Logos, Bilder, Designs, Texte und andere Materialien geh\u00f6ren den Vertretern oder Vertragspartnern von Hasler IT Solutions GmbH.&nbsp;<\/p>\n\n\n\n<p>Durch das Aufrufen, Herunterladen oder Kopieren von Seiten werden keinerlei Rechte (Nutzungs- und Immaterialg\u00fcterrecht, etc) erworben. Das (vollst\u00e4ndige oder teilweise) Reproduzieren, \u00fcbermitteln (elektronisch oder mit anderen Mitteln), Modifizieren, Verkn\u00fcpfen oder Benutzen der Website f\u00fcr \u00f6ffentliche oder kommerzielle Zwecke ist ohne vorherige schriftliche Zustimmung untersagt.<\/p>\n\n\n\n<p><strong>Daten\u00fcbertragung via Internet<\/strong><\/p>\n\n\n\n<p>Das Internet ist ein offenes, f\u00fcr jedermann zug\u00e4ngliches Netzwerk und gilt somit grunds\u00e4tzlich nicht als sichere Umgebung. Die Datenpakete werden zwar \u00fcber ein Sicherheitszertifikat verschl\u00fcsselt \u00fcbermittelt, gilt dies nicht f\u00fcr den Absender und den Empf\u00e4nger. Weiter ist es m\u00f6glich, dass Daten ins Ausland und damit allenfalls in ein Land mit tieferem Datenschutzniveau als der Schweiz \u00fcbermittelt werden, selbst wenn sich Absender und Empf\u00e4nger in der Schweiz befinden. F\u00fcr die Sicherheit von Daten w\u00e4hrend der \u00dcbertragung via Internet schliessen die Vertreter von Hasler IT Solutions GmbH jegliche Haftung aus.<\/p>\n\n\n\n<p><strong>Sammlung und Verwendung von Informationen auf der Website<\/strong><\/p>\n\n\n\n<p>Beim Zugriff auf hasler-it.swiss werden diverse Zugriffsdaten (IP-Adresse, Datum und Uhrzeit, verwendete Browser, aufgerufene Datei, etc) gespeichert.<\/p>\n\n\n\n<p>Es finden keine personenbezogenen Auswertungen statt. F\u00fcr statistische Zwecke werden obgenannte Daten anonym ausgewertet, um das Nutzerverhalten der Website hasler-it.swiss festzustellen.<\/p>\n\n\n\n<p><strong>Zugriff Dritter auf gesammelte Informationen<\/strong><\/p>\n\n\n\n<p>Die Vertreter von hasler-it.swiss betreiben die Website selbstst\u00e4ndig und ohne Hilfe externer dritter Anbieter. Die hasler-it.swiss Website wird auf einem virtuellen Server im Datacenter der Firma Host Europe GmbH mit Sitz an der Hansestr. 111, DE-51149 K\u00f6ln betrieben. Der Zugriff auf die gespeicherten Daten sind eingeschr\u00e4nkt auf die Vertreter von Hasler IT Solutions GmbH und die Hostingfirma.<\/p>\n\n\n\n<p><strong>Cookies<\/strong><\/p>\n\n\n\n<p>Cookies sind kleine Textdateien, welche auf Ihrem Computer gespeichert werden. Cookies zeichnen Ihre Benutzung der Website Hasler IT Solutions GmbH, sowie Komfortfunktionen auf (z.B. die Option &#8222;eingeloggt bleiben&#8220;, etc).&nbsp;&nbsp;Sie k\u00f6nnen das Erstellen und Speichern dieser Cookies in Ihren Browsereinstellungen verhindern. Wir weisen Sie allerdings darauf hin, dass Ihnen ggf. nicht alle Funktionen dieser Website vollumf\u00e4nglich zur Verf\u00fcgung stehen.<\/p>\n","protected":false},"excerpt":{"rendered":"<p>Inhaltliche Verantwortung Hasler IT Solutions GmbH wird vertreten durch (nachfolgend &#8222;Vertreter&#8220; genannt):Christoph &amp; Mirjam HaslerQuellenweg 15CH-4914 Roggwiladmin.info@hasler-it.swiss Verantwortung Anwendungsbereich Dies ist die offizielle Website der Hasler IT Solutions GmbH (HITS). Die Website dient prim\u00e4r zur Information \u00fcber die Hasler IT<a class=\"read-more\" href=\"https:\/\/hasler-it.swiss\/?page_id=131\">Read More<\/a><\/p>\n","protected":false},"author":1,"featured_media":0,"parent":0,"menu_order":0,"comment_status":"closed","ping_status":"closed","template":"","meta":{"footnotes":""},"class_list":["post-131","page","type-page","status-publish","hentry"],"_links":{"self":[{"href":"https:\/\/hasler-it.swiss\/index.php?rest_route=\/wp\/v2\/pages\/131","targetHints":{"allow":["GET"]}}],"collection":[{"href":"https:\/\/hasler-it.swiss\/index.php?rest_route=\/wp\/v2\/pages"}],"about":[{"href":"https:\/\/hasler-it.swiss\/index.php?rest_route=\/wp\/v2\/types\/page"}],"author":[{"embeddable":true,"href":"https:\/\/hasler-it.swiss\/index.php?rest_route=\/wp\/v2\/users\/1"}],"replies":[{"embeddable":true,"href":"https:\/\/hasler-it.swiss\/index.php?rest_route=%2Fwp%2Fv2%2Fcomments&post=131"}],"version-history":[{"count":2,"href":"https:\/\/hasler-it.swiss\/index.php?rest_route=\/wp\/v2\/pages\/131\/revisions"}],"predecessor-version":[{"id":146,"href":"https:\/\/hasler-it.swiss\/index.php?rest_route=\/wp\/v2\/pages\/131\/revisions\/146"}],"wp:attachment":[{"href":"https:\/\/hasler-it.swiss\/index.php?rest_route=%2Fwp%2Fv2%2Fmedia&parent=131"}],"curies":[{"name":"wp","href":"https:\/\/api.w.org\/{rel}","templated":true}]}}